{"id":2379,"date":"2022-07-11T12:07:28","date_gmt":"2022-07-11T12:07:28","guid":{"rendered":"http:\/\/tplabs.co\/agrios\/?page_id=2379"},"modified":"2024-12-16T11:56:18","modified_gmt":"2024-12-16T14:56:18","slug":"about","status":"publish","type":"page","link":"https:\/\/ammk.com.ar\/inicio\/about\/","title":{"rendered":"Sobre nosotros"},"content":{"rendered":"\t\t<div data-elementor-type=\"wp-page\" data-elementor-id=\"2379\" class=\"elementor elementor-2379\">\n\t\t\t\t\t\t<section class=\"elementor-section elementor-top-section elementor-element elementor-element-7b460a2 elementor-section-boxed elementor-section-height-default elementor-section-height-default\" data-id=\"7b460a2\" data-element_type=\"section\">\n\t\t\t\t\t\t<div class=\"elementor-container elementor-column-gap-no\">\n\t\t\t\t\t<div class=\"elementor-column elementor-col-100 elementor-top-column elementor-element elementor-element-3b80ef6\" data-id=\"3b80ef6\" data-element_type=\"column\">\n\t\t\t<div class=\"elementor-widget-wrap elementor-element-populated\">\n\t\t\t\t\t\t<div class=\"elementor-element elementor-element-2be430a elementor-widget elementor-widget-spacer\" data-id=\"2be430a\" data-element_type=\"widget\" data-widget_type=\"spacer.default\">\n\t\t\t\t<div class=\"elementor-widget-container\">\n\t\t\t\t\t\t\t<div class=\"elementor-spacer\">\n\t\t\t<div class=\"elementor-spacer-inner\"><\/div>\n\t\t<\/div>\n\t\t\t\t\t\t<\/div>\n\t\t\t\t<\/div>\n\t\t\t\t<section class=\"elementor-section elementor-inner-section elementor-element elementor-element-7f78d03 elementor-section-boxed elementor-section-height-default elementor-section-height-default\" data-id=\"7f78d03\" data-element_type=\"section\">\n\t\t\t\t\t\t<div class=\"elementor-container elementor-column-gap-default\">\n\t\t\t\t\t<div class=\"elementor-column elementor-col-50 elementor-inner-column elementor-element elementor-element-1710066\" data-id=\"1710066\" data-element_type=\"column\">\n\t\t\t<div class=\"elementor-widget-wrap elementor-element-populated\">\n\t\t\t\t\t\t<div class=\"elementor-element elementor-element-bd39f35 image-width-fit elementor-widget elementor-widget-mae-gallery-stack\" data-id=\"bd39f35\" data-element_type=\"widget\" data-widget_type=\"mae-gallery-stack.default\">\n\t\t\t\t<div class=\"elementor-widget-container\">\n\t\t\t\t\t\t\t<div class=\"master-gallery-stack\">\n\t\t\t<div class=\"master-fancy-image elementor-repeater-item-b257372\" data-top=\"0px\" data-calcHeight=\"no\">\n\t\t\t\t\t\t\t\t\t\t<div class=\"image-wrap\"><img fetchpriority=\"high\" decoding=\"async\" width=\"1080\" height=\"1350\" src=\"https:\/\/ammk.com.ar\/inicio\/wp-content\/uploads\/2024\/02\/353792292_630326115795553_4369511076120777143_n.jpg\" class=\"attachment-full size-full\" alt=\"\" srcset=\"https:\/\/ammk.com.ar\/inicio\/wp-content\/uploads\/2024\/02\/353792292_630326115795553_4369511076120777143_n.jpg 1080w, https:\/\/ammk.com.ar\/inicio\/wp-content\/uploads\/2024\/02\/353792292_630326115795553_4369511076120777143_n-240x300.jpg 240w, https:\/\/ammk.com.ar\/inicio\/wp-content\/uploads\/2024\/02\/353792292_630326115795553_4369511076120777143_n-819x1024.jpg 819w, https:\/\/ammk.com.ar\/inicio\/wp-content\/uploads\/2024\/02\/353792292_630326115795553_4369511076120777143_n-768x960.jpg 768w, https:\/\/ammk.com.ar\/inicio\/wp-content\/uploads\/2024\/02\/353792292_630326115795553_4369511076120777143_n-600x750.jpg 600w\" sizes=\"(max-width: 1080px) 100vw, 1080px\" \/><\/div>\n\t\t\t\t\t\t\t\t\t<\/div><div class=\"master-fancy-image master-animation elementor-repeater-item-b88236e\" data-top=\"0px\" data-animation=\"fadeInUpSmall\" data-calcHeight=\"no\">\n\t\t\t\t\t\t\t\t\t<div class=\"image-wrap\"><img decoding=\"async\" width=\"1080\" height=\"1350\" src=\"https:\/\/ammk.com.ar\/inicio\/wp-content\/uploads\/2024\/02\/359225724_647357847425713_4646874856250600762_n.jpg\" class=\"attachment-full size-full\" alt=\"\" srcset=\"https:\/\/ammk.com.ar\/inicio\/wp-content\/uploads\/2024\/02\/359225724_647357847425713_4646874856250600762_n.jpg 1080w, https:\/\/ammk.com.ar\/inicio\/wp-content\/uploads\/2024\/02\/359225724_647357847425713_4646874856250600762_n-240x300.jpg 240w, https:\/\/ammk.com.ar\/inicio\/wp-content\/uploads\/2024\/02\/359225724_647357847425713_4646874856250600762_n-819x1024.jpg 819w, https:\/\/ammk.com.ar\/inicio\/wp-content\/uploads\/2024\/02\/359225724_647357847425713_4646874856250600762_n-768x960.jpg 768w, https:\/\/ammk.com.ar\/inicio\/wp-content\/uploads\/2024\/02\/359225724_647357847425713_4646874856250600762_n-600x750.jpg 600w\" sizes=\"(max-width: 1080px) 100vw, 1080px\" \/><\/div>\n\t\t\t\t\t\t\t\t<\/div><div class=\"master-shape master-animation elementor-repeater-item-df02c7c\" data-animation=\"fadeInUpLeft\"><\/div>\t\t<\/div>\n\t    \t\t\t\t<\/div>\n\t\t\t\t<\/div>\n\t\t\t\t\t<\/div>\n\t\t<\/div>\n\t\t\t\t<div class=\"elementor-column elementor-col-50 elementor-inner-column elementor-element elementor-element-9614b3f\" data-id=\"9614b3f\" data-element_type=\"column\">\n\t\t\t<div class=\"elementor-widget-wrap elementor-element-populated\">\n\t\t\t\t\t\t<div class=\"elementor-element elementor-element-9264400 heading-default elementor-widget elementor-widget-mae-headings\" data-id=\"9264400\" data-element_type=\"widget\" data-widget_type=\"mae-headings.default\">\n\t\t\t\t<div class=\"elementor-widget-container\">\n\t\t\t\t\t\t\t<div class=\"master-heading sep-none\">\n\t\t\t\t        \n\t        \n\t        \t        <h2 class=\"main-heading\">Visi\u00f3n<\/h2>\n\t        \n\t        \n\t        \t    <\/div>\n\t    \t\t\t\t<\/div>\n\t\t\t\t<\/div>\n\t\t\t\t<div class=\"elementor-element elementor-element-2ab64be elementor-widget elementor-widget-heading\" data-id=\"2ab64be\" data-element_type=\"widget\" data-widget_type=\"heading.default\">\n\t\t\t\t<div class=\"elementor-widget-container\">\n\t\t\t\t\t<h2 class=\"elementor-heading-title elementor-size-default\">Ser referentes en el \u00e1mbito del Marketing en todos los contextos en que nos manejemos, ampliando fronteras, experiencias y desarrollo de la profesi\u00f3n. Un espacio profesional, acad\u00e9mico, de valor y buenas pr\u00e1cticas para sus miembros que prestigie a la disciplina.<\/h2>\t\t\t\t<\/div>\n\t\t\t\t<\/div>\n\t\t\t\t<div class=\"elementor-element elementor-element-a6b6cfb heading-default elementor-widget elementor-widget-mae-headings\" data-id=\"a6b6cfb\" data-element_type=\"widget\" data-widget_type=\"mae-headings.default\">\n\t\t\t\t<div class=\"elementor-widget-container\">\n\t\t\t\t\t\t\t<div class=\"master-heading sep-none\">\n\t\t\t\t        \n\t        \n\t        \t        <h2 class=\"main-heading\">Misi\u00f3n<\/h2>\n\t        \n\t        \n\t        \t    <\/div>\n\t    \t\t\t\t<\/div>\n\t\t\t\t<\/div>\n\t\t\t\t<div class=\"elementor-element elementor-element-0d7adbc elementor-widget elementor-widget-text-editor\" data-id=\"0d7adbc\" data-element_type=\"widget\" data-widget_type=\"text-editor.default\">\n\t\t\t\t<div class=\"elementor-widget-container\">\n\t\t\t\t\t\t\t\t\t<ul><li>Brindar una voz proactiva, diferenciada y moderna del Marketing a su comunidad\u00a0 a trav\u00e9s de sus acciones y la calidad\u00a0 de sus actividades.<\/li><li>Ser un espacio de networking, de pertenencia, de creatividad, actualizaci\u00f3n y crecimiento \u00a0de la profesi\u00f3n.<\/li><li>Incluir a todas las disciplinas que quieran elevar y contribuir al Marketing, y procurar\u00a0 generar\u00a0 un diferencial y\u00a0 contribuci\u00f3n a los miembros de la asociaci\u00f3n\u00a0 como a su comunidad.<\/li><\/ul>\t\t\t\t\t\t\t\t<\/div>\n\t\t\t\t<\/div>\n\t\t\t\t<div class=\"elementor-element elementor-element-8435afc elementor-align-center elementor-widget elementor-widget-button\" data-id=\"8435afc\" data-element_type=\"widget\" data-widget_type=\"button.default\">\n\t\t\t\t<div class=\"elementor-widget-container\">\n\t\t\t\t\t\t\t\t\t<div class=\"elementor-button-wrapper\">\n\t\t\t\t\t<a class=\"elementor-button elementor-button-link elementor-size-md\" href=\"https:\/\/ammk.com.ar\/inicio\/wp-content\/uploads\/2024\/12\/ESTATUTO-AMMK.pdf\" target=\"_blank\">\n\t\t\t\t\t\t<span class=\"elementor-button-content-wrapper\">\n\t\t\t\t\t\t<span class=\"elementor-button-icon\">\n\t\t\t\t<svg aria-hidden=\"true\" class=\"e-font-icon-svg e-fas-paperclip\" viewBox=\"0 0 448 512\" xmlns=\"http:\/\/www.w3.org\/2000\/svg\"><path d=\"M43.246 466.142c-58.43-60.289-57.341-157.511 1.386-217.581L254.392 34c44.316-45.332 116.351-45.336 160.671 0 43.89 44.894 43.943 117.329 0 162.276L232.214 383.128c-29.855 30.537-78.633 30.111-107.982-.998-28.275-29.97-27.368-77.473 1.452-106.953l143.743-146.835c6.182-6.314 16.312-6.422 22.626-.241l22.861 22.379c6.315 6.182 6.422 16.312.241 22.626L171.427 319.927c-4.932 5.045-5.236 13.428-.648 18.292 4.372 4.634 11.245 4.711 15.688.165l182.849-186.851c19.613-20.062 19.613-52.725-.011-72.798-19.189-19.627-49.957-19.637-69.154 0L90.39 293.295c-34.763 35.56-35.299 93.12-1.191 128.313 34.01 35.093 88.985 35.137 123.058.286l172.06-175.999c6.177-6.319 16.307-6.433 22.626-.256l22.877 22.364c6.319 6.177 6.434 16.307.256 22.626l-172.06 175.998c-59.576 60.938-155.943 60.216-214.77-.485z\"><\/path><\/svg>\t\t\t<\/span>\n\t\t\t\t\t\t\t\t\t<span class=\"elementor-button-text\">Descarga y conoce nuestro estatuto<\/span>\n\t\t\t\t\t<\/span>\n\t\t\t\t\t<\/a>\n\t\t\t\t<\/div>\n\t\t\t\t\t\t\t\t<\/div>\n\t\t\t\t<\/div>\n\t\t\t\t\t<\/div>\n\t\t<\/div>\n\t\t\t\t\t<\/div>\n\t\t<\/section>\n\t\t\t\t<div class=\"elementor-element elementor-element-8dd3585 elementor-widget elementor-widget-spacer\" data-id=\"8dd3585\" data-element_type=\"widget\" data-widget_type=\"spacer.default\">\n\t\t\t\t<div class=\"elementor-widget-container\">\n\t\t\t\t\t\t\t<div class=\"elementor-spacer\">\n\t\t\t<div class=\"elementor-spacer-inner\"><\/div>\n\t\t<\/div>\n\t\t\t\t\t\t<\/div>\n\t\t\t\t<\/div>\n\t\t\t\t\t<\/div>\n\t\t<\/div>\n\t\t\t\t\t<\/div>\n\t\t<\/section>\n\t\t\t\t<section class=\"elementor-section elementor-top-section elementor-element elementor-element-a8bd459 elementor-section-full_width elementor-section-stretched light-animation right elementor-section-height-default elementor-section-height-default\" data-id=\"a8bd459\" data-element_type=\"section\" data-settings=\"{&quot;stretch_section&quot;:&quot;section-stretched&quot;,&quot;background_background&quot;:&quot;classic&quot;}\">\n\t\t\t\t\t\t<div class=\"elementor-container elementor-column-gap-no\">\n\t\t\t\t\t<div class=\"elementor-column elementor-col-100 elementor-top-column elementor-element elementor-element-356c093\" data-id=\"356c093\" data-element_type=\"column\">\n\t\t\t<div class=\"elementor-widget-wrap elementor-element-populated\">\n\t\t\t\t\t\t<div class=\"elementor-element elementor-element-617339f elementor-widget elementor-widget-spacer\" data-id=\"617339f\" data-element_type=\"widget\" data-widget_type=\"spacer.default\">\n\t\t\t\t<div class=\"elementor-widget-container\">\n\t\t\t\t\t\t\t<div class=\"elementor-spacer\">\n\t\t\t<div class=\"elementor-spacer-inner\"><\/div>\n\t\t<\/div>\n\t\t\t\t\t\t<\/div>\n\t\t\t\t<\/div>\n\t\t\t\t<div class=\"elementor-element elementor-element-e12c4d6 align-center elementor-widget elementor-widget-mae-video-icon\" data-id=\"e12c4d6\" data-element_type=\"widget\" data-widget_type=\"mae-video-icon.default\">\n\t\t\t\t<div class=\"elementor-widget-container\">\n\t\t\t\t\t\t\t<div class=\"master-video-icon\">\n\t\t\t<div class=\"btn-inner\">\n\t\t        <a aria-label=\"video\" class=\"btn-play popup-video elementor-animation-pulse-shrink\" \n\t\t        \t\t        href=\"https:\/\/www.youtube.com\/watch?v=9q7gS-tv3TM\">\n\t\t        \t<i class=\"ci-play-button\"><\/i>\n\n\t\t        \t\t\t        \t<span class=\"p p1\"><\/span>\n\t\t\t\t\t<span class=\"p p2\"><\/span>\n\t\t\t\t\t\t\t        <\/a>\n\t        <\/div>\n\t        \t    <\/div>\n\t    \t\t\t\t<\/div>\n\t\t\t\t<\/div>\n\t\t\t\t<div class=\"elementor-element elementor-element-88a8301 align-center heading-default elementor-widget elementor-widget-mae-headings\" data-id=\"88a8301\" data-element_type=\"widget\" data-widget_type=\"mae-headings.default\">\n\t\t\t\t<div class=\"elementor-widget-container\">\n\t\t\t\t\t\t\t<div class=\"master-heading sep-none\">\n\t\t\t\t        \n\t        \n\t        \t        <h2 class=\"main-heading\">Asociaci\u00f3n Misionera de Marketing<\/h2>\n\t        \n\t        \n\t        \t    <\/div>\n\t    \t\t\t\t<\/div>\n\t\t\t\t<\/div>\n\t\t\t\t<div class=\"elementor-element elementor-element-424eba5 elementor-widget elementor-widget-spacer\" data-id=\"424eba5\" data-element_type=\"widget\" data-widget_type=\"spacer.default\">\n\t\t\t\t<div class=\"elementor-widget-container\">\n\t\t\t\t\t\t\t<div class=\"elementor-spacer\">\n\t\t\t<div class=\"elementor-spacer-inner\"><\/div>\n\t\t<\/div>\n\t\t\t\t\t\t<\/div>\n\t\t\t\t<\/div>\n\t\t\t\t\t<\/div>\n\t\t<\/div>\n\t\t\t\t\t<\/div>\n\t\t<\/section>\n\t\t<div class=\"elementor-element elementor-element-64986bc e-flex e-con-boxed e-con e-parent\" data-id=\"64986bc\" data-element_type=\"container\">\n\t\t\t\t\t<div class=\"e-con-inner\">\n\t\t\t\t<div class=\"elementor-element elementor-element-eb48d1c elementor-widget elementor-widget-heading\" data-id=\"eb48d1c\" data-element_type=\"widget\" data-widget_type=\"heading.default\">\n\t\t\t\t<div class=\"elementor-widget-container\">\n\t\t\t\t\t<h2 class=\"elementor-heading-title elementor-size-default\">Comisi\u00f3n Directiva<\/h2>\t\t\t\t<\/div>\n\t\t\t\t<\/div>\n\t\t\t\t\t<\/div>\n\t\t\t\t<\/div>\n\t\t<div class=\"elementor-element elementor-element-a5ba404 e-flex e-con-boxed e-con e-parent\" data-id=\"a5ba404\" data-element_type=\"container\">\n\t\t\t\t\t<div class=\"e-con-inner\">\n\t\t<div class=\"elementor-element elementor-element-4863260 e-con-full e-flex e-con e-child\" data-id=\"4863260\" data-element_type=\"container\">\n\t\t\t\t<div class=\"elementor-element elementor-element-3f7e949 elementor-widget elementor-widget-text-editor\" data-id=\"3f7e949\" data-element_type=\"widget\" data-widget_type=\"text-editor.default\">\n\t\t\t\t<div class=\"elementor-widget-container\">\n\t\t\t\t\t\t\t\t\t<div class=\"wpb_text_column wpb_content_element \"><div class=\"wpb_wrapper\"><h2>2023-2024<\/h2><\/div><\/div><div class=\"wpb_text_column wpb_content_element \"><div class=\"wpb_wrapper\"><p class=\"p1\"><span class=\"s1\"><strong>Presidente<\/strong>:\u00a0Silvia Susana Gastelaars<br \/><\/span><span class=\"s1\"><strong>Vicepresidente<\/strong>:\u00a0Noel Paredes<br \/><\/span><span class=\"s1\"><strong>Secretaria<\/strong>:\u00a0Cecilia Chiarad\u00eda<br \/><\/span><span class=\"s1\"><strong>Tesorero<\/strong>:\u00a0Larisa Mijalenko<\/span><\/p><p class=\"p1\"><span class=\"s1\"><strong>Vocales<\/strong>:<\/span><span class=\"s1\">\u00a0Oscar A. Almonacid \/ Raquel Gardner \/ Amalia M. Ben\u00edtez\/ Patricia F. Romero.<br \/><strong>Vocales Suplentes<\/strong>: Nicol\u00e1s Roldnik \/ Yanina Insaurralde \/ Leandro N. Frank.<\/span><\/p><p class=\"p1\"><span class=\"s1\"><strong>Revisor de Cuentas:<\/strong>\u00a0Gerardo Levisman \/ Nicolas Ben\u00edtez.<\/span><\/p><\/div><\/div>\t\t\t\t\t\t\t\t<\/div>\n\t\t\t\t<\/div>\n\t\t\t\t<\/div>\n\t\t<div class=\"elementor-element elementor-element-03d745d e-con-full e-flex e-con e-child\" data-id=\"03d745d\" data-element_type=\"container\">\n\t\t\t\t<div class=\"elementor-element elementor-element-44b6987 elementor-widget elementor-widget-image\" data-id=\"44b6987\" data-element_type=\"widget\" data-widget_type=\"image.default\">\n\t\t\t\t<div class=\"elementor-widget-container\">\n\t\t\t\t\t\t\t\t\t\t\t\t\t\t\t<img decoding=\"async\" width=\"1024\" height=\"576\" src=\"https:\/\/ammk.com.ar\/inicio\/wp-content\/uploads\/2024\/02\/cd-1024x576.jpg\" class=\"attachment-large size-large wp-image-3167\" alt=\"\" srcset=\"https:\/\/ammk.com.ar\/inicio\/wp-content\/uploads\/2024\/02\/cd-1024x576.jpg 1024w, https:\/\/ammk.com.ar\/inicio\/wp-content\/uploads\/2024\/02\/cd-300x169.jpg 300w, https:\/\/ammk.com.ar\/inicio\/wp-content\/uploads\/2024\/02\/cd-768x432.jpg 768w, https:\/\/ammk.com.ar\/inicio\/wp-content\/uploads\/2024\/02\/cd-1536x864.jpg 1536w, https:\/\/ammk.com.ar\/inicio\/wp-content\/uploads\/2024\/02\/cd-600x338.jpg 600w, https:\/\/ammk.com.ar\/inicio\/wp-content\/uploads\/2024\/02\/cd.jpg 1920w\" sizes=\"(max-width: 1024px) 100vw, 1024px\" \/>\t\t\t\t\t\t\t\t\t\t\t\t\t\t\t<\/div>\n\t\t\t\t<\/div>\n\t\t\t\t<\/div>\n\t\t\t\t\t<\/div>\n\t\t\t\t<\/div>\n\t\t<div class=\"elementor-element elementor-element-b805221 e-flex e-con-boxed e-con e-parent\" data-id=\"b805221\" data-element_type=\"container\">\n\t\t\t\t\t<div class=\"e-con-inner\">\n\t\t\t\t<div class=\"elementor-element elementor-element-af56303 elementor-widget-divider--view-line elementor-widget elementor-widget-divider\" data-id=\"af56303\" data-element_type=\"widget\" data-widget_type=\"divider.default\">\n\t\t\t\t<div class=\"elementor-widget-container\">\n\t\t\t\t\t\t\t<div class=\"elementor-divider\">\n\t\t\t<span class=\"elementor-divider-separator\">\n\t\t\t\t\t\t<\/span>\n\t\t<\/div>\n\t\t\t\t\t\t<\/div>\n\t\t\t\t<\/div>\n\t\t\t\t\t<\/div>\n\t\t\t\t<\/div>\n\t\t<div class=\"elementor-element elementor-element-909c250 e-flex e-con-boxed e-con e-parent\" data-id=\"909c250\" data-element_type=\"container\">\n\t\t\t\t\t<div class=\"e-con-inner\">\n\t\t\t\t<div class=\"elementor-element elementor-element-5d0ca78 elementor-widget elementor-widget-heading\" data-id=\"5d0ca78\" data-element_type=\"widget\" data-widget_type=\"heading.default\">\n\t\t\t\t<div class=\"elementor-widget-container\">\n\t\t\t\t\t<h3 class=\"elementor-heading-title elementor-size-default\">Anteriores Comisiones<\/h3>\t\t\t\t<\/div>\n\t\t\t\t<\/div>\n\t\t\t\t\t<\/div>\n\t\t\t\t<\/div>\n\t\t<div class=\"elementor-element elementor-element-7efe325 e-flex e-con-boxed e-con e-parent\" data-id=\"7efe325\" data-element_type=\"container\">\n\t\t\t\t\t<div class=\"e-con-inner\">\n\t\t<div class=\"elementor-element elementor-element-9fcf7d7 e-con-full e-flex e-con e-child\" data-id=\"9fcf7d7\" data-element_type=\"container\">\n\t\t\t\t<div class=\"elementor-element elementor-element-aea6712 elementor-widget elementor-widget-text-editor\" data-id=\"aea6712\" data-element_type=\"widget\" data-widget_type=\"text-editor.default\">\n\t\t\t\t<div class=\"elementor-widget-container\">\n\t\t\t\t\t\t\t\t\t<div class=\"wpb_text_column wpb_content_element \"><div class=\"wpb_wrapper\"><h2>2014-2016<\/h2><\/div><\/div><div class=\"wpb_text_column wpb_content_element \"><div class=\"wpb_wrapper\"><p class=\"p1\">Presidente: Gustavo Eduardo Camilo Barutta<br \/>Vice \u2013 Presidente: Gerardo Romero<br \/>Secretario: Guillermo Poujade<br \/>Tesorero: Sindy Geisert<\/p><p class=\"p1\">Vocal Titular 1\u00ba: Pablo Nicol\u00e1s Rob\u00edn<br \/>Vocal Titular 2\u00ba: Marcelo Cuevas<br \/>Vocal Titular 3\u00ba: Diego Rub\u00e9n Baracat<br \/>Vocal Titular 4\u00ba: Gerardo Adri\u00e1n Levisman<\/p><p class=\"p1\">Vocal Suplente 1\u00ba: Leonardo Hugo Acosta<br \/>Vocal Suplente 2\u00ba: Oscar Adri\u00e1n Almonacid<br \/>Vocal Suplente 3\u00ba: Gabriela Lichowski<br \/>Vocal Suplente 4\u00ba: Br\u00edgida Isabel Garc\u00eda<\/p><p class=\"p1\">Comisi\u00f3n Revisora de Cuenta:<br \/>Titular: Carlos Ra\u00fal Tanana<br \/>Suplente: Mar\u00eda Laura Sosa<\/p><\/div><\/div>\t\t\t\t\t\t\t\t<\/div>\n\t\t\t\t<\/div>\n\t\t\t\t<\/div>\n\t\t<div class=\"elementor-element elementor-element-d0977a6 e-con-full e-flex e-con e-child\" data-id=\"d0977a6\" data-element_type=\"container\">\n\t\t\t\t<div class=\"elementor-element elementor-element-c8a601c elementor-widget elementor-widget-text-editor\" data-id=\"c8a601c\" data-element_type=\"widget\" data-widget_type=\"text-editor.default\">\n\t\t\t\t<div class=\"elementor-widget-container\">\n\t\t\t\t\t\t\t\t\t<div class=\"wpb_text_column wpb_content_element \"><div class=\"wpb_wrapper\"><h2>2017-2018<\/h2><\/div><\/div><div class=\"wpb_text_column wpb_content_element \"><div class=\"wpb_wrapper\"><p>Presidente: Gerardo Pastor Romero<br \/>Vice \u2013 Presidente: Silvio Leguia<br \/>Secretario: Guillermo Poujade<br \/>Tesorero: Gustavo Eduardo Barutta<\/p><p>Vocal Titular 1\u00ba:Silvia Gastelaars<br \/>Vocal Titular 2\u00ba:Maria Navajas<br \/>Vocal Titular 3\u00ba:Mauricio Bertolusso<br \/>Vocal Titular 4\u00ba: Diego Baracat<\/p><p>Vocal Suplente 1\u00ba:Noel Paredes<br \/>Vocal Suplente 2\u00ba:Gerardo Levisman<br \/>Vocal Suplente 3\u00ba:Nicolas Robin<br \/>Vocal Suplente 4\u00ba:Oscar Almonacid<span style=\"font-size: 16px; text-align: var(--text-align); color: var(--e-global-color-agrios_text);\"><br \/><\/span><\/p><p><span style=\"font-size: 16px; text-align: var(--text-align); color: var(--e-global-color-agrios_text);\">Comisi\u00f3n Revisora de Cuenta:<br \/><\/span><span style=\"color: var(--e-global-color-agrios_text); font-size: 16px; text-align: var(--text-align);\">Titular: Carlos Tanana<br \/><\/span><span style=\"font-size: 16px; text-align: var(--text-align); color: var(--e-global-color-agrios_text);\">Suplente: Sebastian\u00a0Saraseni<\/span><\/p><\/div><\/div>\t\t\t\t\t\t\t\t<\/div>\n\t\t\t\t<\/div>\n\t\t\t\t<\/div>\n\t\t<div class=\"elementor-element elementor-element-919b53b e-con-full e-flex e-con e-child\" data-id=\"919b53b\" data-element_type=\"container\">\n\t\t\t\t<div class=\"elementor-element elementor-element-a899ea7 elementor-widget elementor-widget-text-editor\" data-id=\"a899ea7\" data-element_type=\"widget\" data-widget_type=\"text-editor.default\">\n\t\t\t\t<div class=\"elementor-widget-container\">\n\t\t\t\t\t\t\t\t\t<div class=\"wpb_text_column wpb_content_element \"><div class=\"wpb_wrapper\"><h2>2019-2020<\/h2><\/div><\/div><div class=\"wpb_text_column wpb_content_element \"><div class=\"wpb_wrapper\"><p class=\"p1\">Presidente: Guillermo Poujade<br \/>Vice \u2013 Presidente: Gerardo Levisman<br \/>Secretario: Silvia Gastelaars<br \/>Tesorero: Gerardo Romero<\/p><p class=\"p1\">Vocal Titular 1\u00ba: Pablo Nicol\u00e1s Rob\u00edn<br \/>Vocal Titular 2\u00ba: Gabriela Bovi<br \/>Vocal Titular 3\u00ba: Maria Sol Rodr\u00edguez<br \/>Vocal Titular 4\u00ba: Luciana Sebely<\/p><p class=\"p1\">Vocal Suplente 1\u00ba: Sebasti\u00e1n Saraceni<br \/>Vocal Suplente 2\u00ba: Gustavo Ernst<br \/>Vocal Suplente 3\u00ba: Nicol\u00e1s Benitez<br \/>Vocal Suplente 4\u00ba: Daniela Barnechea<\/p><p class=\"p1\">Comisi\u00f3n Revisora de Cuenta:<br \/>Titular: Oscar Adri\u00e1n Almonacid<br \/>Suplente: Lucas Solis<\/p><\/div><\/div>\t\t\t\t\t\t\t\t<\/div>\n\t\t\t\t<\/div>\n\t\t\t\t<\/div>\n\t\t<div class=\"elementor-element elementor-element-36c9cae e-con-full e-flex e-con e-child\" data-id=\"36c9cae\" data-element_type=\"container\">\n\t\t\t\t<div class=\"elementor-element elementor-element-ed8f153 elementor-widget elementor-widget-text-editor\" data-id=\"ed8f153\" data-element_type=\"widget\" data-widget_type=\"text-editor.default\">\n\t\t\t\t<div class=\"elementor-widget-container\">\n\t\t\t\t\t\t\t\t\t<div class=\"wpb_text_column wpb_content_element \"><div class=\"wpb_wrapper\"><h2>2021-2022<\/h2><\/div><\/div><div class=\"wpb_text_column wpb_content_element \"><div class=\"wpb_wrapper\"><p class=\"p1\">Presidente: Silvio Legu\u00eda<br \/>Vice \u2013 Presidente: Silvia Gastelaars<br \/>Secretario: Mar\u00eda Sol Rodriguez<br \/>Tesorero: Federico Damus<\/p><p class=\"p1\">Vocal Titular 1\u00ba: Nicol\u00e1s Ben\u00edtez.<br \/>Vocal Titular 2\u00ba: Sol Di Luciano.<br \/><span style=\"color: var(--e-global-color-agrios_text); font-size: 16px; text-align: var(--text-align);\">Vocal Titular 3\u00ba: Daniel Garay Fleck<br \/><\/span><span style=\"font-size: 16px; text-align: var(--text-align); color: var(--e-global-color-agrios_text);\">Vocal Titular 4\u00ba: Cecilia Chiarad\u00eda<\/span><\/p><p class=\"p1\"><span style=\"font-size: 16px; text-align: var(--text-align); color: var(--e-global-color-agrios_text);\">Vocal Suplente 1\u00ba: Erika Bohn<br \/><\/span><span style=\"font-size: 16px; text-align: var(--text-align); color: var(--e-global-color-agrios_text);\">Vocal Suplente 2\u00ba: Eugenia Sisti<br \/><\/span><span style=\"font-size: 16px; text-align: var(--text-align); color: var(--e-global-color-agrios_text);\">Vocal Suplente 3\u00ba: Diego Pozzi<br \/><\/span><span style=\"font-size: 16px; text-align: var(--text-align); color: var(--e-global-color-agrios_text);\">Vocal Suplente 4\u00ba: Silvana D\u00edaz<\/span><\/p><p class=\"p1\">Comisi\u00f3n Revisora de Cuenta:<br \/>Titular: Gabriela Bovi<br \/>Suplente: Gerardo Levisman<\/p><\/div><\/div>\t\t\t\t\t\t\t\t<\/div>\n\t\t\t\t<\/div>\n\t\t\t\t<\/div>\n\t\t\t\t\t<\/div>\n\t\t\t\t<\/div>\n\t\t<div class=\"elementor-element elementor-element-b8539b2 e-flex e-con-boxed e-con e-parent\" data-id=\"b8539b2\" data-element_type=\"container\">\n\t\t\t\t\t<div class=\"e-con-inner\">\n\t\t\t\t<div class=\"elementor-element elementor-element-cea17dc elementor-widget-divider--view-line elementor-widget elementor-widget-divider\" data-id=\"cea17dc\" data-element_type=\"widget\" data-widget_type=\"divider.default\">\n\t\t\t\t<div class=\"elementor-widget-container\">\n\t\t\t\t\t\t\t<div class=\"elementor-divider\">\n\t\t\t<span class=\"elementor-divider-separator\">\n\t\t\t\t\t\t<\/span>\n\t\t<\/div>\n\t\t\t\t\t\t<\/div>\n\t\t\t\t<\/div>\n\t\t\t\t\t<\/div>\n\t\t\t\t<\/div>\n\t\t\t\t<\/div>\n\t\t\n    <div class=\"xs_social_share_widget xs_share_url after_content \t\tmain_content  wslu-style-1 wslu-share-box-shaped wslu-fill-colored wslu-none wslu-share-horizontal wslu-theme-font-no wslu-main_content\">\n\n\t\t\n        <ul>\n\t\t\t        <\/ul>\n    <\/div> \n","protected":false},"excerpt":{"rendered":"<p>Visi\u00f3n Ser referentes en el \u00e1mbito del Marketing en todos los contextos en que nos manejemos, ampliando fronteras, experiencias y desarrollo de la profesi\u00f3n. Un espacio profesional, acad\u00e9mico, de valor y buenas pr\u00e1cticas para sus miembros que prestigie a la disciplina. Misi\u00f3n Brindar una voz proactiva, diferenciada y moderna del<\/p>\n","protected":false},"author":1,"featured_media":0,"parent":0,"menu_order":0,"comment_status":"closed","ping_status":"closed","template":"","meta":{"inline_featured_image":false,"footnotes":""},"class_list":["post-2379","page","type-page","status-publish","hentry"],"_links":{"self":[{"href":"https:\/\/ammk.com.ar\/inicio\/wp-json\/wp\/v2\/pages\/2379","targetHints":{"allow":["GET"]}}],"collection":[{"href":"https:\/\/ammk.com.ar\/inicio\/wp-json\/wp\/v2\/pages"}],"about":[{"href":"https:\/\/ammk.com.ar\/inicio\/wp-json\/wp\/v2\/types\/page"}],"author":[{"embeddable":true,"href":"https:\/\/ammk.com.ar\/inicio\/wp-json\/wp\/v2\/users\/1"}],"replies":[{"embeddable":true,"href":"https:\/\/ammk.com.ar\/inicio\/wp-json\/wp\/v2\/comments?post=2379"}],"version-history":[{"count":11,"href":"https:\/\/ammk.com.ar\/inicio\/wp-json\/wp\/v2\/pages\/2379\/revisions"}],"predecessor-version":[{"id":3686,"href":"https:\/\/ammk.com.ar\/inicio\/wp-json\/wp\/v2\/pages\/2379\/revisions\/3686"}],"wp:attachment":[{"href":"https:\/\/ammk.com.ar\/inicio\/wp-json\/wp\/v2\/media?parent=2379"}],"curies":[{"name":"wp","href":"https:\/\/api.w.org\/{rel}","templated":true}]}}