{"id":3688,"date":"2025-03-12T19:25:21","date_gmt":"2025-03-12T22:25:21","guid":{"rendered":"https:\/\/ammk.com.ar\/inicio\/?page_id=3688"},"modified":"2025-07-16T16:47:00","modified_gmt":"2025-07-16T19:47:00","slug":"congreso","status":"publish","type":"page","link":"https:\/\/ammk.com.ar\/inicio\/congreso\/","title":{"rendered":"Congreso"},"content":{"rendered":"\t\t<div data-elementor-type=\"wp-page\" data-elementor-id=\"3688\" class=\"elementor elementor-3688\">\n\t\t\t\t<div class=\"elementor-element elementor-element-13cc4c7 e-flex e-con-boxed e-con e-parent\" data-id=\"13cc4c7\" data-element_type=\"container\">\n\t\t\t\t\t<div class=\"e-con-inner\">\n\t\t<div class=\"elementor-element elementor-element-7939d0b e-con-full e-flex e-con e-child\" data-id=\"7939d0b\" data-element_type=\"container\">\n\t\t\t\t<\/div>\n\t\t<div class=\"elementor-element elementor-element-a295af9 e-con-full e-flex e-con e-child\" data-id=\"a295af9\" data-element_type=\"container\">\n\t\t\t\t<div class=\"elementor-element elementor-element-8ebc0d9 elementor-widget elementor-widget-image\" data-id=\"8ebc0d9\" data-element_type=\"widget\" data-widget_type=\"image.default\">\n\t\t\t\t<div class=\"elementor-widget-container\">\n\t\t\t\t\t\t\t\t\t\t\t\t\t\t\t<img fetchpriority=\"high\" decoding=\"async\" width=\"1024\" height=\"576\" src=\"https:\/\/ammk.com.ar\/inicio\/wp-content\/uploads\/2025\/07\/crm11-1024x576.png\" class=\"attachment-large size-large wp-image-3738\" alt=\"\" srcset=\"https:\/\/ammk.com.ar\/inicio\/wp-content\/uploads\/2025\/07\/crm11-1024x576.png 1024w, https:\/\/ammk.com.ar\/inicio\/wp-content\/uploads\/2025\/07\/crm11-300x169.png 300w, https:\/\/ammk.com.ar\/inicio\/wp-content\/uploads\/2025\/07\/crm11-768x432.png 768w, https:\/\/ammk.com.ar\/inicio\/wp-content\/uploads\/2025\/07\/crm11-600x338.png 600w, https:\/\/ammk.com.ar\/inicio\/wp-content\/uploads\/2025\/07\/crm11.png 1280w\" sizes=\"(max-width: 1024px) 100vw, 1024px\" \/>\t\t\t\t\t\t\t\t\t\t\t\t\t\t\t<\/div>\n\t\t\t\t<\/div>\n\t\t\t\t<\/div>\n\t\t<div class=\"elementor-element elementor-element-a2ed1cf e-con-full e-flex e-con e-child\" data-id=\"a2ed1cf\" data-element_type=\"container\">\n\t\t\t\t<\/div>\n\t\t\t\t\t<\/div>\n\t\t\t\t<\/div>\n\t\t<div class=\"elementor-element elementor-element-9bb74b7 e-flex e-con-boxed e-con e-parent\" data-id=\"9bb74b7\" data-element_type=\"container\">\n\t\t\t\t\t<div class=\"e-con-inner\">\n\t\t<div class=\"elementor-element elementor-element-ef4c46a e-con-full e-flex e-con e-child\" data-id=\"ef4c46a\" data-element_type=\"container\">\n\t\t\t\t<\/div>\n\t\t<div class=\"elementor-element elementor-element-b5c2798 e-con-full e-flex e-con e-child\" data-id=\"b5c2798\" data-element_type=\"container\">\n\t\t\t\t<div class=\"elementor-element elementor-element-26f6e6a elementor-widget elementor-widget-spacer\" data-id=\"26f6e6a\" data-element_type=\"widget\" data-widget_type=\"spacer.default\">\n\t\t\t\t<div class=\"elementor-widget-container\">\n\t\t\t\t\t\t\t<div class=\"elementor-spacer\">\n\t\t\t<div class=\"elementor-spacer-inner\"><\/div>\n\t\t<\/div>\n\t\t\t\t\t\t<\/div>\n\t\t\t\t<\/div>\n\t\t\t\t<div class=\"elementor-element elementor-element-e93615b elementor-widget elementor-widget-heading\" data-id=\"e93615b\" data-element_type=\"widget\" data-widget_type=\"heading.default\">\n\t\t\t\t<div class=\"elementor-widget-container\">\n\t\t\t\t\t<h2 class=\"elementor-heading-title elementor-size-default\">Registrate<\/h2>\t\t\t\t<\/div>\n\t\t\t\t<\/div>\n\t\t\t\t<div class=\"elementor-element elementor-element-36db63f elementor-widget elementor-widget-spacer\" data-id=\"36db63f\" data-element_type=\"widget\" data-widget_type=\"spacer.default\">\n\t\t\t\t<div class=\"elementor-widget-container\">\n\t\t\t\t\t\t\t<div class=\"elementor-spacer\">\n\t\t\t<div class=\"elementor-spacer-inner\"><\/div>\n\t\t<\/div>\n\t\t\t\t\t\t<\/div>\n\t\t\t\t<\/div>\n\t\t\t\t<div class=\"elementor-element elementor-element-d36f37a elementor-widget elementor-widget-html\" data-id=\"d36f37a\" data-element_type=\"widget\" data-widget_type=\"html.default\">\n\t\t\t\t<div class=\"elementor-widget-container\">\n\t\t\t\t\t<iframe src=\"https:\/\/docs.google.com\/forms\/d\/e\/1FAIpQLScoR1cqMecX-tD3vswYNdv8ePZXc4IvaAdYw45QQJQwdWzMfg\/viewform?embedded=true\" width=\"640\" height=\"1419\" frameborder=\"0\" marginheight=\"0\" marginwidth=\"0\">Cargando\u2026<\/iframe>\t\t\t\t<\/div>\n\t\t\t\t<\/div>\n\t\t\t\t<div class=\"elementor-element elementor-element-7bb2b3d elementor-widget elementor-widget-image\" data-id=\"7bb2b3d\" data-element_type=\"widget\" data-widget_type=\"image.default\">\n\t\t\t\t<div class=\"elementor-widget-container\">\n\t\t\t\t\t\t\t\t\t\t\t\t\t\t\t<img decoding=\"async\" width=\"819\" height=\"1024\" src=\"https:\/\/ammk.com.ar\/inicio\/wp-content\/uploads\/2025\/07\/anticipadas_1-819x1024.png\" class=\"attachment-large size-large wp-image-3742\" alt=\"\" srcset=\"https:\/\/ammk.com.ar\/inicio\/wp-content\/uploads\/2025\/07\/anticipadas_1-819x1024.png 819w, https:\/\/ammk.com.ar\/inicio\/wp-content\/uploads\/2025\/07\/anticipadas_1-240x300.png 240w, https:\/\/ammk.com.ar\/inicio\/wp-content\/uploads\/2025\/07\/anticipadas_1-768x960.png 768w, https:\/\/ammk.com.ar\/inicio\/wp-content\/uploads\/2025\/07\/anticipadas_1-600x750.png 600w, https:\/\/ammk.com.ar\/inicio\/wp-content\/uploads\/2025\/07\/anticipadas_1.png 1080w\" sizes=\"(max-width: 819px) 100vw, 819px\" \/>\t\t\t\t\t\t\t\t\t\t\t\t\t\t\t<\/div>\n\t\t\t\t<\/div>\n\t\t\t\t<div class=\"elementor-element elementor-element-2b467b4 elementor-widget elementor-widget-image\" data-id=\"2b467b4\" data-element_type=\"widget\" data-widget_type=\"image.default\">\n\t\t\t\t<div class=\"elementor-widget-container\">\n\t\t\t\t\t\t\t\t\t\t\t\t\t\t\t<img decoding=\"async\" width=\"819\" height=\"1024\" src=\"https:\/\/ammk.com.ar\/inicio\/wp-content\/uploads\/2025\/07\/WhatsApp-Image-2025-07-16-at-06.43.57-819x1024.jpeg\" class=\"attachment-large size-large wp-image-3743\" alt=\"\" srcset=\"https:\/\/ammk.com.ar\/inicio\/wp-content\/uploads\/2025\/07\/WhatsApp-Image-2025-07-16-at-06.43.57-819x1024.jpeg 819w, https:\/\/ammk.com.ar\/inicio\/wp-content\/uploads\/2025\/07\/WhatsApp-Image-2025-07-16-at-06.43.57-240x300.jpeg 240w, https:\/\/ammk.com.ar\/inicio\/wp-content\/uploads\/2025\/07\/WhatsApp-Image-2025-07-16-at-06.43.57-768x960.jpeg 768w, https:\/\/ammk.com.ar\/inicio\/wp-content\/uploads\/2025\/07\/WhatsApp-Image-2025-07-16-at-06.43.57-600x750.jpeg 600w, https:\/\/ammk.com.ar\/inicio\/wp-content\/uploads\/2025\/07\/WhatsApp-Image-2025-07-16-at-06.43.57.jpeg 1024w\" sizes=\"(max-width: 819px) 100vw, 819px\" \/>\t\t\t\t\t\t\t\t\t\t\t\t\t\t\t<\/div>\n\t\t\t\t<\/div>\n\t\t\t\t<div class=\"elementor-element elementor-element-db51fee elementor-widget elementor-widget-spacer\" data-id=\"db51fee\" data-element_type=\"widget\" data-widget_type=\"spacer.default\">\n\t\t\t\t<div class=\"elementor-widget-container\">\n\t\t\t\t\t\t\t<div class=\"elementor-spacer\">\n\t\t\t<div class=\"elementor-spacer-inner\"><\/div>\n\t\t<\/div>\n\t\t\t\t\t\t<\/div>\n\t\t\t\t<\/div>\n\t\t\t\t<div class=\"elementor-element elementor-element-ee7077b elementor-widget elementor-widget-text-editor\" data-id=\"ee7077b\" data-element_type=\"widget\" data-widget_type=\"text-editor.default\">\n\t\t\t\t<div class=\"elementor-widget-container\">\n\t\t\t\t\t\t\t\t\t<p style=\"text-align: justify;\"><span style=\"color: #000000;\">Este 8 de agosto (8\/8), elegimos resignificar una fecha y convertirla en s\u00edmbolo: el infinito, ese lazo continuo que nunca se interrumpe, que conecta, fluye y se transforma sin fin. Ese mismo lazo representa hoy al marketing en su evoluci\u00f3n m\u00e1s profunda. El Marketing Infinito no es solo un lema: es una forma de comprender que nuestra disciplina dej\u00f3 de ser lineal y transaccional para convertirse en un ciclo constante de conexi\u00f3n, escucha, adaptaci\u00f3n y entrega de valor. Inspirados en la cinta de M\u00f6bius \u2014una superficie sin principio ni fin, donde cada vuelta conecta con la otra\u2014, entendemos que el marketing moderno debe ser bidireccional: ya no es la marca quien habla, sino una conversaci\u00f3n continua con el consumidor; transversal: atraviesa no solo departamentos, sino culturas, territorios y disciplinas; evolutivo: los h\u00e1bitos cambian, los canales mutan y el marketing debe adaptarse sin perder esencia; emp\u00e1tico y humano: las marcas que perduran son las que entienden emociones, no solo datos; sist\u00e9mico: cada acci\u00f3n de marketing impacta en m\u00faltiples niveles, desde lo comercial hasta lo social. Por eso, en esta edici\u00f3n del Congreso Regional de Marketing, no hablamos de tendencias que vienen y van, sino de principios que se consolidan, que evolucionan y se retroalimentan. Porque el verdadero marketing es infinito: nunca se termina de aprender, de mejorar ni de impactar.<\/span><\/p>\t\t\t\t\t\t\t\t<\/div>\n\t\t\t\t<\/div>\n\t\t\t\t<div class=\"elementor-element elementor-element-ac2ec7f elementor-widget elementor-widget-spacer\" data-id=\"ac2ec7f\" data-element_type=\"widget\" data-widget_type=\"spacer.default\">\n\t\t\t\t<div class=\"elementor-widget-container\">\n\t\t\t\t\t\t\t<div class=\"elementor-spacer\">\n\t\t\t<div class=\"elementor-spacer-inner\"><\/div>\n\t\t<\/div>\n\t\t\t\t\t\t<\/div>\n\t\t\t\t<\/div>\n\t\t\t\t<div class=\"elementor-element elementor-element-fd8bffe elementor-widget elementor-widget-spacer\" data-id=\"fd8bffe\" data-element_type=\"widget\" data-widget_type=\"spacer.default\">\n\t\t\t\t<div class=\"elementor-widget-container\">\n\t\t\t\t\t\t\t<div class=\"elementor-spacer\">\n\t\t\t<div class=\"elementor-spacer-inner\"><\/div>\n\t\t<\/div>\n\t\t\t\t\t\t<\/div>\n\t\t\t\t<\/div>\n\t\t\t\t<div class=\"elementor-element elementor-element-4332ba2 elementor-widget elementor-widget-html\" data-id=\"4332ba2\" data-element_type=\"widget\" data-widget_type=\"html.default\">\n\t\t\t\t<div class=\"elementor-widget-container\">\n\t\t\t\t\t<!-- Optin - Inicio -->\r\n<div id=\"optin-0icJWAXz\" data-type=\"inline\"><\/div>\r\n<link rel=\"stylesheet\" type=\"text\/css\" href=\"https:\/\/optin.myperfit.com\/res\/css\/ammk\/0icJWAXz.css\"\/>\r\n<script type=\"text\/javascript\" src=\"https:\/\/optin.myperfit.com\/res\/js\/ammk\/0icJWAXz.js\" charset=\"UTF-8\"><\/script>\r\n<!-- Optin - Fin -->\t\t\t\t<\/div>\n\t\t\t\t<\/div>\n\t\t\t\t<\/div>\n\t\t<div class=\"elementor-element elementor-element-93ed7f9 e-con-full e-flex e-con e-child\" data-id=\"93ed7f9\" data-element_type=\"container\">\n\t\t\t\t<\/div>\n\t\t\t\t\t<\/div>\n\t\t\t\t<\/div>\n\t\t\t\t<\/div>\n\t\t\n    <div class=\"xs_social_share_widget xs_share_url after_content \t\tmain_content  wslu-style-1 wslu-share-box-shaped wslu-fill-colored wslu-none wslu-share-horizontal wslu-theme-font-no wslu-main_content\">\n\n\t\t\n        <ul>\n\t\t\t        <\/ul>\n    <\/div> \n","protected":false},"excerpt":{"rendered":"<p>Registrate Cargando\u2026 Este 8 de agosto (8\/8), elegimos resignificar una fecha y convertirla en s\u00edmbolo: el infinito, ese lazo continuo que nunca se interrumpe, que conecta, fluye y se transforma sin fin. Ese mismo lazo representa hoy al marketing en su evoluci\u00f3n m\u00e1s profunda. El Marketing Infinito no es solo<\/p>\n","protected":false},"author":1,"featured_media":0,"parent":0,"menu_order":0,"comment_status":"closed","ping_status":"closed","template":"","meta":{"inline_featured_image":false,"footnotes":""},"class_list":["post-3688","page","type-page","status-publish","hentry"],"_links":{"self":[{"href":"https:\/\/ammk.com.ar\/inicio\/wp-json\/wp\/v2\/pages\/3688","targetHints":{"allow":["GET"]}}],"collection":[{"href":"https:\/\/ammk.com.ar\/inicio\/wp-json\/wp\/v2\/pages"}],"about":[{"href":"https:\/\/ammk.com.ar\/inicio\/wp-json\/wp\/v2\/types\/page"}],"author":[{"embeddable":true,"href":"https:\/\/ammk.com.ar\/inicio\/wp-json\/wp\/v2\/users\/1"}],"replies":[{"embeddable":true,"href":"https:\/\/ammk.com.ar\/inicio\/wp-json\/wp\/v2\/comments?post=3688"}],"version-history":[{"count":25,"href":"https:\/\/ammk.com.ar\/inicio\/wp-json\/wp\/v2\/pages\/3688\/revisions"}],"predecessor-version":[{"id":3746,"href":"https:\/\/ammk.com.ar\/inicio\/wp-json\/wp\/v2\/pages\/3688\/revisions\/3746"}],"wp:attachment":[{"href":"https:\/\/ammk.com.ar\/inicio\/wp-json\/wp\/v2\/media?parent=3688"}],"curies":[{"name":"wp","href":"https:\/\/api.w.org\/{rel}","templated":true}]}}